{"id":27,"date":"2026-04-20T16:32:13","date_gmt":"2026-04-20T14:32:13","guid":{"rendered":"https:\/\/cmpg.pro\/?page_id=27"},"modified":"2026-05-10T13:25:02","modified_gmt":"2026-05-10T11:25:02","slug":"enregistrement-de-levenement","status":"publish","type":"page","link":"https:\/\/cmpg.pro\/?page_id=27","title":{"rendered":"Enregistrement de l&rsquo;\u00e9v\u00e9nement-CMPG"},"content":{"rendered":"\n<figure class=\"wp-block-image size-full is-resized\"><img loading=\"lazy\" decoding=\"async\" width=\"293\" height=\"344\" src=\"https:\/\/cmpg.pro\/wp-content\/uploads\/2026\/04\/CMPG-1.jpeg\" alt=\"\" class=\"wp-image-16\" style=\"width:149px;height:auto\" srcset=\"https:\/\/cmpg.pro\/wp-content\/uploads\/2026\/04\/CMPG-1.jpeg 293w, https:\/\/cmpg.pro\/wp-content\/uploads\/2026\/04\/CMPG-1-256x300.jpeg 256w\" sizes=\"auto, (max-width: 293px) 100vw, 293px\" \/><\/figure>\n\n\n\n<p>Bienvenue sur la page d\u2019<strong>enregistrement de l\u2019\u00e9v\u00e9nement du Comit\u00e9 Miss Prestige Guadeloupe (CMPG)<\/strong>. Cet espace est d\u00e9di\u00e9 \u00e0 la v\u00e9rification des acc\u00e8s, au contr\u00f4le des<\/p>\n\n\n\n<p>inscriptions et \u00e0 la gestion des participants lors de nos manifestations officielles. Notre objectif est d\u2019assurer une organisation fluide, s\u00e9curis\u00e9e et professionnelle pour chaque \u00e9v\u00e9nement.<\/p>\n\n\n\n<p>Pour les personnes souhaitant participer \u00e0 nos concours, toutes les informations relatives aux crit\u00e8res, conditions et \u00e9tapes de candidature sont disponibles sur la page d\u00e9di\u00e9e \u00e0 la <strong>Candidature Miss Prestige Guadeloupe<\/strong>. \ud83d\udc49 <code>https:\/\/cmpg.pro\/candidature-miss<\/code> <a href=\"https:\/\/www.bing.com\/search?q=&quot;https%3A%2F%2Fcmpg.pro%2Fcandidature-miss&quot;\">(cmpg.pro in Bing)<\/a><\/p>\n\n\n\n<p>Si vous souhaitez comprendre comment vos donn\u00e9es personnelles sont trait\u00e9es lors de votre enregistrement, nous vous invitons \u00e0 consulter notre <strong>Politique de confidentialit\u00e9<\/strong>, conforme au RGPD. \ud83d\udc49 <code>https:\/\/cmpg.pro\/politique-de-confidentialite<\/code> <a href=\"https:\/\/www.bing.com\/search?q=&quot;https%3A%2F%2Fcmpg.pro%2Fpolitique-de-confidentialite&quot;\">(cmpg.pro in Bing)<\/a>Les informations pratiques concernant nos \u00e9v\u00e9nements, les r\u00e9servations et les modalit\u00e9s d\u2019acc\u00e8s sont accessibles sur notre page <strong>Billetterie<\/strong>. \ud83d\udc49 <code>https:\/\/cmpg.pro\/billetterie<\/code> <a href=\"https:\/\/www.bing.com\/search?q=&quot;https%3A%2F%2Fcmpg.pro%2Fbilletterie&quot;\">(cmpg.pro in Bing)<\/a><\/p>\n\n\n\n<p>Pour toute question juridique ou administrative li\u00e9e aux droits des participants, vous pouvez \u00e9galement consulter les ressources officielles du Service Public. \ud83d\udc49 <a href=\"https:\/\/www.service-public.fr\">https:\/\/www.service-public.fr<\/a><\/p>\n\n\n\n<p>Notre \u00e9quipe reste disponible pour vous accompagner et garantir une exp\u00e9rience \u00e9v\u00e9nementielle de qualit\u00e9.<\/p>\n\n\n<div class=\"wps-etmfw-checkin-hero\">\n\t\t\t<div class=\"wps-etmfw-checkin-card\">\n\t\t\t\t<div class=\"wps-etmfw-checkin-card__intro\">\n\t\t\t\t\t<span>Tickets de l\u2019\u00e9v\u00e8nement<\/span>\n\t\t\t\t\t<h2>Enregistrement de l'\u00e9v\u00e9nement<\/h2>\n\t\t\t\t\t<p>Quickly verify attendees by entering their ticket number and email to mark them as checked-in.<\/p>\n\t\t\t\t<\/div>\n\t\t\t\t<form method=\"post\" class=\"wps-etmfw-checkin-form\">\n\t\t\t\t\t<div id=\"wps_etmfw_error_message\" class=\"wps-etmfw-checkin-form__message\"><\/div>\n\t\t\t\t\t<div class=\"wps-etmfw-checkin-form__field\">\n\t\t\t\t\t\t<label>Pour<\/label>\n\t\t\t\t\t\t<select id=\"wps_etmfw_event_selected\" name=\"wps_etmfw_event_selected\"><option value=\"\" selected=\"selected\" disabled=\"disabled\">No events available<\/option><\/select>\n\t\t\t\t\t<\/div>\n\t\t\t\t\t<div class=\"wps-etmfw-checkin-form__field\">\n\t\t\t\t\t\t<label>Num\u00e9ro de billet *<\/label>\n\t\t\t\t\t\t<input type=\"text\" name=\"wps_etmfw_imput_ticket\" id=\"wps_etmfw_imput_ticket\">\n\t\t\t\t\t<\/div>\n\t\t\t\t\t<div class=\"wps-etmfw-checkin-form__field\">\n\t\t\t\t\t\t<label>Email Address *<\/label>\n\t\t\t\t\t\t<input type=\"email\" name=\"wps_etmfw_chckin_email\" id=\"wps_etmfw_chckin_email\">\n\t\t\t\t\t<\/div>\n\n\t\t\t\t\t<div class=\"wps-etmfw--loader-btn-wrapper\">\n\t\t\t\t\t\t<div class=\"wps-etmfw_checkin_button_section\">\n\t\t\t\t\t\t\t<input type=\"submit\" name=\"wps_etmfw_checkin_button\" id=\"wps_etmfw_checkin_button\" value=\"Enregistrement\">\n\t\t\t\t\t\t<\/div>\n\t\t\t\t\t\t<div class=\"wps_etmfw_loader\" id=\"wps_etmfw_checkin_loader\">\n\t\t\t\t\t\t\t<img decoding=\"async\" src=\"https:\/\/cmpg.pro\/wp-content\/plugins\/event-tickets-manager-for-woocommerce\/public\/src\/image\/loading.gif\">\n\t\t\t\t\t\t<\/div>\n\t\t\t\t\t<\/div>\n\t\t\t\t<\/form>\n\t\t\t<\/div>\n\t\t<\/div>","protected":false},"excerpt":{"rendered":"<p>Bienvenue sur la page d\u2019enregistrement de l\u2019\u00e9v\u00e9nement du Comit\u00e9 Miss Prestige Guadeloupe (CMPG). Cet espace est d\u00e9di\u00e9 \u00e0 la v\u00e9rification des acc\u00e8s, au contr\u00f4le des inscriptions et \u00e0 la gestion des participants lors de nos manifestations officielles. Notre objectif est d\u2019assurer une organisation fluide, s\u00e9curis\u00e9e et professionnelle pour chaque \u00e9v\u00e9nement. Pour les personnes souhaitant participer \u00e0 nos concours, toutes les informations relatives aux crit\u00e8res, conditions et \u00e9tapes de candidature sont disponibles sur la page d\u00e9di\u00e9e \u00e0 la Candidature Miss Prestige Guadeloupe. \ud83d\udc49 https:\/\/cmpg.pro\/candidature-miss (cmpg.pro in Bing) Si vous souhaitez comprendre comment vos donn\u00e9es personnelles sont trait\u00e9es lors de votre enregistrement, nous vous invitons \u00e0 consulter notre Politique de confidentialit\u00e9, conforme au RGPD. \ud83d\udc49 https:\/\/cmpg.pro\/politique-de-confidentialite (cmpg.pro in Bing)Les informations pratiques concernant nos \u00e9v\u00e9nements, les r\u00e9servations et les modalit\u00e9s d\u2019acc\u00e8s sont accessibles sur notre page Billetterie. \ud83d\udc49 https:\/\/cmpg.pro\/billetterie (cmpg.pro in Bing) Pour toute question juridique ou administrative li\u00e9e aux droits des participants, vous pouvez \u00e9galement consulter les ressources officielles du Service Public. \ud83d\udc49 https:\/\/www.service-public.fr Notre \u00e9quipe reste disponible pour vous accompagner et garantir une exp\u00e9rience \u00e9v\u00e9nementielle de qualit\u00e9.<\/p>\n","protected":false},"author":1,"featured_media":61,"parent":0,"menu_order":0,"comment_status":"closed","ping_status":"closed","template":"","meta":{"footnotes":""},"class_list":["post-27","page","type-page","status-publish","has-post-thumbnail","hentry"],"aioseo_notices":[],"_hostinger_reach_plugin_has_subscription_block":false,"_hostinger_reach_plugin_is_elementor":false,"jetpack_sharing_enabled":true,"_links":{"self":[{"href":"https:\/\/cmpg.pro\/index.php?rest_route=\/wp\/v2\/pages\/27","targetHints":{"allow":["GET"]}}],"collection":[{"href":"https:\/\/cmpg.pro\/index.php?rest_route=\/wp\/v2\/pages"}],"about":[{"href":"https:\/\/cmpg.pro\/index.php?rest_route=\/wp\/v2\/types\/page"}],"author":[{"embeddable":true,"href":"https:\/\/cmpg.pro\/index.php?rest_route=\/wp\/v2\/users\/1"}],"replies":[{"embeddable":true,"href":"https:\/\/cmpg.pro\/index.php?rest_route=%2Fwp%2Fv2%2Fcomments&post=27"}],"version-history":[{"count":2,"href":"https:\/\/cmpg.pro\/index.php?rest_route=\/wp\/v2\/pages\/27\/revisions"}],"predecessor-version":[{"id":167,"href":"https:\/\/cmpg.pro\/index.php?rest_route=\/wp\/v2\/pages\/27\/revisions\/167"}],"wp:featuredmedia":[{"embeddable":true,"href":"https:\/\/cmpg.pro\/index.php?rest_route=\/wp\/v2\/media\/61"}],"wp:attachment":[{"href":"https:\/\/cmpg.pro\/index.php?rest_route=%2Fwp%2Fv2%2Fmedia&parent=27"}],"curies":[{"name":"wp","href":"https:\/\/api.w.org\/{rel}","templated":true}]}}