{"id":65,"date":"2026-04-21T00:03:22","date_gmt":"2026-04-20T22:03:22","guid":{"rendered":"https:\/\/cmpg.pro\/?page_id=65"},"modified":"2026-04-21T00:03:23","modified_gmt":"2026-04-20T22:03:23","slug":"billetterie-officielle-comite-miss-prestige-guadeloupe","status":"publish","type":"page","link":"https:\/\/cmpg.pro\/?page_id=65","title":{"rendered":"Billetterie Officielle \u2014 Comit\u00e9 Miss Prestige Guadeloupe"},"content":{"rendered":"\n<p>R\u00e9servez vos places pour les \u00e9v\u00e9nements, s\u00e9lections, galas et soir\u00e9es officielles du CPMG. Paiement s\u00e9curis\u00e9 \u2022 Billets envoy\u00e9s par email \u2022 QR Code \u00e0 l\u2019entr\u00e9e<\/p>\n\n\n\n<h2 class=\"wp-block-heading\">\ud83d\udcc5 \u00c9v\u00e9nements disponibles<\/h2>\n\n\n\n<p>Veuillez s\u00e9lectionner votre \u00e9v\u00e9nement ci\u2011dessous pour r\u00e9server vos billets.<\/p>\n\n\n\n<p><em>(Le module HelloAsso appara\u00eet juste en dessous)<\/em><\/p>\n\n\n\n<div class=\"wp-block-buttons is-layout-flex wp-block-buttons-is-layout-flex\">\n<div class=\"wp-block-button\"><a class=\"wp-block-button__link wp-element-button\">HelloAsso<\/a><\/div>\n<\/div>\n\n\n\n<h2 class=\"wp-block-heading\">\ud83d\udcde Assistance<\/h2>\n\n\n\n<p>Pour toute question concernant la billetterie : \ud83d\udce7 contact@cmpg.pro<a href=\"https:\/\/www.helloasso.com\/associations\/comite-miss-prestige-guadeloupe\/formulaires\/1\">https:\/\/www.helloasso.com\/associations\/comite-miss-prestige-guadeloupe\/formulaires\/1<\/a><\/p>\n","protected":false},"excerpt":{"rendered":"<p>R\u00e9servez vos places pour les \u00e9v\u00e9nements, s\u00e9lections, galas et soir\u00e9es officielles du CPMG. Paiement s\u00e9curis\u00e9 \u2022 Billets envoy\u00e9s par email \u2022 QR Code \u00e0 l\u2019entr\u00e9e \ud83d\udcc5 \u00c9v\u00e9nements disponibles Veuillez s\u00e9lectionner votre \u00e9v\u00e9nement ci\u2011dessous pour r\u00e9server vos billets. (Le module HelloAsso appara\u00eet juste en dessous) \ud83d\udcde Assistance Pour toute question concernant la billetterie : \ud83d\udce7 contact@cmpg.prohttps:\/\/www.helloasso.com\/associations\/comite-miss-prestige-guadeloupe\/formulaires\/1<\/p>\n","protected":false},"author":1,"featured_media":0,"parent":0,"menu_order":0,"comment_status":"closed","ping_status":"closed","template":"","meta":{"footnotes":""},"class_list":["post-65","page","type-page","status-publish","hentry"],"_hostinger_reach_plugin_has_subscription_block":false,"_hostinger_reach_plugin_is_elementor":false,"jetpack_sharing_enabled":true,"_links":{"self":[{"href":"https:\/\/cmpg.pro\/index.php?rest_route=\/wp\/v2\/pages\/65","targetHints":{"allow":["GET"]}}],"collection":[{"href":"https:\/\/cmpg.pro\/index.php?rest_route=\/wp\/v2\/pages"}],"about":[{"href":"https:\/\/cmpg.pro\/index.php?rest_route=\/wp\/v2\/types\/page"}],"author":[{"embeddable":true,"href":"https:\/\/cmpg.pro\/index.php?rest_route=\/wp\/v2\/users\/1"}],"replies":[{"embeddable":true,"href":"https:\/\/cmpg.pro\/index.php?rest_route=%2Fwp%2Fv2%2Fcomments&post=65"}],"version-history":[{"count":1,"href":"https:\/\/cmpg.pro\/index.php?rest_route=\/wp\/v2\/pages\/65\/revisions"}],"predecessor-version":[{"id":66,"href":"https:\/\/cmpg.pro\/index.php?rest_route=\/wp\/v2\/pages\/65\/revisions\/66"}],"wp:attachment":[{"href":"https:\/\/cmpg.pro\/index.php?rest_route=%2Fwp%2Fv2%2Fmedia&parent=65"}],"curies":[{"name":"wp","href":"https:\/\/api.w.org\/{rel}","templated":true}]}}