{"id":49,"date":"2026-04-20T17:48:59","date_gmt":"2026-04-20T15:48:59","guid":{"rendered":"https:\/\/cmpg.pro\/?post_type=product&#038;p=49"},"modified":"2026-04-20T17:49:01","modified_gmt":"2026-04-20T15:49:01","slug":"t-shirt-miss-prestige-guadeloupe","status":"publish","type":"product","link":"https:\/\/cmpg.pro\/?product=t-shirt-miss-prestige-guadeloupe","title":{"rendered":"t-shirt miss prestige guadeloupe"},"content":{"rendered":"<h2>Montrez votre fiert\u00e9 avec style<\/h2>\n<p>Affirmez-vous avec le T-shirt Miss Prestige Guadeloupe, un v\u00eatement qui allie confort et \u00e9l\u00e9gance tout en c\u00e9l\u00e9brant la culture et l&rsquo;identit\u00e9 guadeloup\u00e9enne. Parfait pour les passionn\u00e9s de l&rsquo;\u00eele et ses beaut\u00e9s naturelles.<\/p>\n<h2>Confort et qualit\u00e9<\/h2>\n<p>Fabriqu\u00e9 \u00e0 partir de mat\u00e9riaux doux et respirants, ce t-shirt offre un ajustement parfait pour une tenue d\u00e9contract\u00e9e ou une sortie sp\u00e9ciale. Son design unique met en valeur le logo inspir\u00e9 par Miss Prestige et s&rsquo;adapte \u00e0 tous les styles.<\/p>\n<h2>Un choix id\u00e9al pour vous ou \u00e0 offrir<\/h2>\n<p>Disponible dans plusieurs tailles, ce t-shirt est un excellent choix pour vous-m\u00eame ou comme cadeau m\u00e9morable. Portez-le fi\u00e8rement et partagez votre amour pour la Guadeloupe en toute occasion.<\/p>\n","protected":false},"excerpt":{"rendered":"<p>Montrez votre fiert\u00e9 avec style Affirmez-vous avec le T-shirt Miss Prestige Guadeloupe, un v\u00eatement qui allie confort et \u00e9l\u00e9gance tout en c\u00e9l\u00e9brant la culture et l&rsquo;identit\u00e9 guadeloup\u00e9enne. Parfait pour les passionn\u00e9s de l&rsquo;\u00eele et ses beaut\u00e9s naturelles. Confort et qualit\u00e9 Fabriqu\u00e9 \u00e0 partir de mat\u00e9riaux doux et respirants, ce t-shirt offre un ajustement parfait pour une tenue d\u00e9contract\u00e9e ou une sortie sp\u00e9ciale. Son design unique met en valeur le logo inspir\u00e9 par Miss Prestige et s&rsquo;adapte \u00e0 tous les styles. Un choix id\u00e9al pour vous ou \u00e0 offrir Disponible dans plusieurs tailles, ce t-shirt est un excellent choix pour vous-m\u00eame ou comme cadeau m\u00e9morable. Portez-le fi\u00e8rement et partagez votre amour pour la Guadeloupe en toute occasion.<\/p>\n","protected":false},"featured_media":0,"comment_status":"open","ping_status":"closed","template":"","meta":[],"product_brand":[],"product_cat":[15],"product_tag":[],"class_list":{"0":"post-49","1":"product","2":"type-product","3":"status-publish","5":"product_cat-non-classe","7":"first","8":"instock","9":"sale","10":"shipping-taxable","11":"purchasable","12":"product-type-simple"},"jetpack_sharing_enabled":true,"_links":{"self":[{"href":"https:\/\/cmpg.pro\/index.php?rest_route=\/wp\/v2\/product\/49","targetHints":{"allow":["GET"]}}],"collection":[{"href":"https:\/\/cmpg.pro\/index.php?rest_route=\/wp\/v2\/product"}],"about":[{"href":"https:\/\/cmpg.pro\/index.php?rest_route=\/wp\/v2\/types\/product"}],"replies":[{"embeddable":true,"href":"https:\/\/cmpg.pro\/index.php?rest_route=%2Fwp%2Fv2%2Fcomments&post=49"}],"wp:attachment":[{"href":"https:\/\/cmpg.pro\/index.php?rest_route=%2Fwp%2Fv2%2Fmedia&parent=49"}],"wp:term":[{"taxonomy":"product_brand","embeddable":true,"href":"https:\/\/cmpg.pro\/index.php?rest_route=%2Fwp%2Fv2%2Fproduct_brand&post=49"},{"taxonomy":"product_cat","embeddable":true,"href":"https:\/\/cmpg.pro\/index.php?rest_route=%2Fwp%2Fv2%2Fproduct_cat&post=49"},{"taxonomy":"product_tag","embeddable":true,"href":"https:\/\/cmpg.pro\/index.php?rest_route=%2Fwp%2Fv2%2Fproduct_tag&post=49"}],"curies":[{"name":"wp","href":"https:\/\/api.w.org\/{rel}","templated":true}]}}